{"id":43,"date":"2025-08-22T13:18:16","date_gmt":"2025-08-22T13:18:16","guid":{"rendered":"https:\/\/praxfer.com\/?page_id=43"},"modified":"2025-10-22T13:36:49","modified_gmt":"2025-10-22T13:36:49","slug":"privacy-policy","status":"publish","type":"page","link":"https:\/\/praxfer.com\/en\/privacy-policy\/","title":{"rendered":"Privacy Policy"},"content":{"rendered":"\n<div class=\"wp-block-group fullwidth-title\"><div class=\"wp-block-group__inner-container is-layout-constrained wp-block-group-is-layout-constrained\">\n<h1 class=\"wp-block-heading has-text-align-center\">Privacy Policy<\/h1>\n<\/div><\/div>\n\n\n\n<div class=\"wp-block-group container legals\"><div class=\"wp-block-group__inner-container is-layout-constrained wp-block-group-is-layout-constrained\">\n<h2 class=\"wp-block-heading\">Obtenci\u00f3n de datos personales y responsable del tratamiento<\/h2>\n\n\n\n<p>De conformidad con lo previsto en la normativa vigente en materia de protecci\u00f3n de datos, se informa al usuario del presente sitio web &#8211; https:\/\/www.praxfer.com &#8211; (la \u201c<strong>Web<\/strong>\u201d), as\u00ed como al usuario de los servicios proporcionados por <strong>RESIDENCIAL PUERTALC\u00c1NTARA, S.L.,<\/strong> (en adelante \u201c<strong>PUERTALCANTARA<\/strong>\u201d), de que los datos personales que facilite a trav\u00e9s de la Web o de otros formatos, as\u00ed como cualesquiera otros datos personales que pudiera facilitar en el futuro, ser\u00e1n objeto de tratamiento siendo la entidad responsable del mismo \u201cPUERTALC\u00c1NTARA\u201d, S.L., con domicilio en <strong>URB LAS MEDRANAS, NUM 135, 29670 MARBELLA \u2013 (M\u00c1LAGA)<\/strong>&nbsp;y con N.I.F. <strong>B56796766<\/strong> (en adelante \u201c<strong>PUERTALC\u00c1NTARA<\/strong>\u201d).<\/p>\n\n\n\n<p>Al objeto de informar al interesado de la forma m\u00e1s transparente y sencilla posible, \u201c<strong>PUERTALC\u00c1NTARA<\/strong>\u201d utiliza un sistema de informaci\u00f3n por capas. Este sistema supone que, en el momento en que el interesado facilita sus datos personales a \u201c<strong>PUERTALC\u00c1NTARA<\/strong>\u201d, se le ofrece la informaci\u00f3n b\u00e1sica sobre el tratamiento que se va a realizar sobre sus datos, de una forma sencilla y concisa y, al mismo tiempo, se le indica d\u00f3nde podr\u00e1 obtener una informaci\u00f3n m\u00e1s detallada, si as\u00ed lo desea.<br>La presente pol\u00edtica de privacidad recoge, de la forma m\u00e1s detallada posible, toda la informaci\u00f3n aplicable a los tratamientos de datos personales que realiza \u201c<strong>PUERTALC\u00c1NTARA<\/strong>\u201d sobre usuarios y terceros interesados.<\/p>\n\n\n\n<h2 class=\"wp-block-heading\">Finalidad y base jur\u00eddica del tratamiento de datos personales<\/h2>\n\n\n\n<p>\u201c<strong>PUERTALC\u00c1NTARA<\/strong>\u201d le informa de que sus datos personales podr\u00e1n ser tratados con las siguientes finalidades:<\/p>\n\n\n\n<ol class=\"wp-block-list\">\n<li><strong>Relaci\u00f3n del usuario que accede a las instalaciones o recibe servicios de \u201cPUERTALC\u00c1NTARA\u201d. \u201cPUERTALC\u00c1NTARA\u201d<\/strong> tratar\u00e1 los datos del usuario objeto de mantener, desarrollar y dar cumplimiento a su relaci\u00f3n con <strong>\u201cPUERTALC\u00c1NTARA\u201d<\/strong> derivada de las peticiones realizadas por este a trav\u00e9s de los siguientes tratamientos:\n<ul class=\"wp-block-list\">\n<li>Contacto web. <strong>\u201cPUERTALC\u00c1NTARA\u201d<\/strong> tratar\u00e1 los datos introducidos en los formularios establecidos a tal efecto en la Web al objeto de tramitar sus consultas. As\u00ed mismo, se informa a los usuarios de que en caso de que proporcionen a <strong>\u201cPUERTALC\u00c1NTARA\u201d<\/strong>, a trav\u00e9s del correo electr\u00f3nico, el formulario de contacto o cualquier otro medio, un n\u00famero de tel\u00e9fono <strong>\u201cPUERTALC\u00c1NTARA\u201d<\/strong> podr\u00e1 ponerse en contacto a trav\u00e9s del mismo al objeto de tramitar su solicitud. Base de legitimaci\u00f3n: el consentimiento del usuario. Este consentimiento podr\u00e1 ser retirado, en cualquier momento, al objeto de que sus datos personales no sigan siendo tratados por <strong>\u201cPUERTALC\u00c1NTARA\u201d<\/strong>, ucomunic\u00e1ndolo a la siguiente direcci\u00f3n de correo electr\u00f3nico: rgpd@praxfer.com. En caso de que se retire este consentimiento, <strong>\u201cPUERTALC\u00c1NTARA\u201d<\/strong> no podr\u00e1 cursar ni dar respuesta a la solicitud del interesado.<\/li>\n<\/ul>\n<\/li>\n\n\n\n<li>Remisi\u00f3n de los datos a partners y colaboradores de <strong>\u201cPUERTALC\u00c1NTARA\u201d<\/strong> en los sectores financiero, inmobiliario, bancario, de suministros, de bienes y servicios para inmuebles y viviendas (equipamientos, decoraci\u00f3n, dom\u00f3tica, comunicaciones, vida digital u otros), y de bienes y servicios para personas interesadas o que adquieran inmuebles y viviendas (asesoramiento, financiaci\u00f3n u otros), con el fin de que puedan ser tratados por los mismos para la realizaci\u00f3n, por diferentes medios, de env\u00edos publicitarios y de informaci\u00f3n comercial sobre sus productos y servicio.<\/li>\n\n\n\n<li>De igual forma, se informa al usuario que desde este sitio web de <strong>\u201cPUERTALC\u00c1NTARA\u201d<\/strong> &#8211; https:\/\/www.praxfer.com &#8211; se comercializan por parte de esta \u00faltima promociones inmobiliarias pertenecientes a esta sociedad y cuyo pleno dominio y\/o derechos de comercializaci\u00f3n le corresponden ser \u00e9stas ejecutadas por sociedades pertenecientes al Grupo de Empresas \u201cFernando Moreno\u201d, tales como \u201cINVERSIONES PRAXFER S.L. (C.I.F. N\u00ba: B92013853) y \u201cNAVES INDUSTRIALES LAS MEDRANAS S.L. (C.I.F. N\u00ba: B29736436), entre otros posibles. Por tanto, se informa al usuario de que, en tal caso, sus datos les ser\u00e1n remitidos al objeto de que puedan ser tratados por los \u00e9stas para la realizaci\u00f3n, por diferentes medios, de env\u00edos publicitarios y de informaci\u00f3n comercial sobre sus productos y servicio.<\/li>\n\n\n\n<li><strong>Remisi\u00f3n de comunicaciones comerciales. \u201cPUERTALC\u00c1NTARA\u201d<\/strong> podr\u00e1 solicitar al usuario su consentimiento para remitirle comunicaciones comerciales (newsletters), generales o personalizadas, a trav\u00e9s de cualquier medio, incluido el correo electr\u00f3nico, SMS o cualquier medio de comunicaci\u00f3n electr\u00f3nica. Base de legitimaci\u00f3n: el consentimiento del usuario. En todo caso, el usuario podr\u00e1 oponerse a dicha remisi\u00f3n de comunicaciones comerciales indic\u00e1ndolo en la casilla correspondiente a tal efecto o, con posterioridad, podr\u00e1 revocar su consentimiento comunic\u00e1ndolo a la siguiente direcci\u00f3n de correo: <a href=\"mailto:rgpd@praxfer.com\">rgpd@praxfer.com<\/a>.<br><br>Asimismo, le informamos que en el caso de que autorice el env\u00edo de comunicaciones comerciales, Usted consiente que sus datos personales sean comunicados, en su caso, a las empresas del Grupo Fernando Moreno, entendi\u00e9ndose como tales las que se recojan de manera actualizada en el sitio web www.praxfer.com, que pertenezcan al sector inmobiliario, a los efectos de facilitar un control y una gesti\u00f3n global de los usuarios del Sitio Web y las consultas formuladas por estos, as\u00ed como para el env\u00edo de informaci\u00f3n a los mismos de sus productos y servicios exclusivamente relacionados con el sector de actividad de cada una de ellas, a trav\u00e9s de diferentes medios.<br><\/li>\n<\/ol>\n\n\n\n<h2 class=\"wp-block-heading\">Exactitud y veracidad<\/h2>\n\n\n\n<p>\u201c<strong>PUERTALC\u00c1NTARA<\/strong>\u201d considera veraces y exactos los datos personales proporcionados por el interesado, no respondiendo, por tanto, de cualquier perjuicio que la falta de veracidad y exactitud de estos pudieran provocar.<\/p>\n\n\n\n<h2 class=\"wp-block-heading\">Plazo de conservaci\u00f3n de los datos personales<\/h2>\n\n\n\n<p>Sus datos personales se conservar\u00e1n hasta que hayan prescrito las acciones que pudieran derivarse de la relaci\u00f3n con \u201c<strong>PUERTALC\u00c1NTARA<\/strong>\u201d, salvo que exista obligaci\u00f3n legal que ampl\u00ede el citado plazo de conservaci\u00f3n. Y a\u00fan tras el cese de dichas relaciones durante un m\u00e1ximo de cinco a\u00f1os<\/p>\n\n\n\n<h2 class=\"wp-block-heading\">Comunicaci\u00f3n de los datos personales<\/h2>\n\n\n\n<p>\u201c<strong>PUERTALC\u00c1NTARA<\/strong>\u201d podr\u00e1 comunicar sus datos personales a:<br>Organismos p\u00fablicos competentes, Fuerzas y Cuerpos de Seguridad del Estado y Jueces y Tribunales, en cumplimiento de obligaciones legales.<br>Prestadores de servicios de Metro M\u00e1laga que act\u00faen como encargados del tratamiento.<\/p>\n\n\n\n<h2 class=\"wp-block-heading\">Transferencias internacionales de datos<\/h2>\n\n\n\n<p>No se prev\u00e9 la realizaci\u00f3n de transferencias internacionales de datos.<\/p>\n\n\n\n<h2 class=\"wp-block-heading\">Ejercicio de derechos y reclamaciones<\/h2>\n\n\n\n<p>El usuario podr\u00e1 ejercer sus derechos en materia de protecci\u00f3n de datos (acceso, rectificaci\u00f3n o supresi\u00f3n, limitaci\u00f3n, oposici\u00f3n, portabilidad y a no ser objeto de decisiones individuales automatizadas que produzcan efectos jur\u00eddicos sobre el usuario o le afecten significativamente de modo similar) dirigiendo a tal efecto una comunicaci\u00f3n mediante correo postal a <strong>URB LAS MEDRANAS, NUM 135, 29670 MARBELLA \u2013 (M\u00c1LAGA<\/strong> a la atenci\u00f3n de \u201cAsesor\u00eda Jur\u00eddica\u201d, o enviando un correo electr\u00f3nico a la direcci\u00f3n <a href=\"mailto:rgpd@praxfer.com\">rgpd@praxfer.com<\/a>, indicando en ambos casos su nombre, apellidos y adjuntando copia de documento acreditativo de su identidad.<\/p>\n\n\n\n<p>Sin perjuicio de lo anterior, el usuario tiene derecho a presentar una reclamaci\u00f3n ante la Agencia Espa\u00f1ola de Protecci\u00f3n de Datos.<\/p>\n<\/div><\/div>\n","protected":false},"excerpt":{"rendered":"<p>Privacy Policy Obtenci\u00f3n de datos personales y responsable del tratamiento De conformidad con lo previsto en la normativa vigente en materia de protecci\u00f3n de datos, se informa al usuario del presente sitio web &#8211; https:\/\/www.praxfer.com&#8230;<\/p>\n","protected":false},"author":1,"featured_media":0,"parent":0,"menu_order":0,"comment_status":"closed","ping_status":"closed","template":"","meta":{"_acf_changed":false,"inline_featured_image":false,"footnotes":""},"class_list":["post-43","page","type-page","status-publish","hentry"],"acf":[],"yoast_head":"<!-- This site is optimized with the Yoast SEO plugin v27.4 - https:\/\/yoast.com\/product\/yoast-seo-wordpress\/ -->\n<title>PRAXFER Homes: Privacy Policy<\/title>\n<meta name=\"robots\" content=\"index, follow, max-snippet:-1, max-image-preview:large, max-video-preview:-1\" \/>\n<link rel=\"canonical\" href=\"https:\/\/praxfer.com\/en\/privacy-policy\/\" \/>\n<meta property=\"og:locale\" content=\"en_US\" \/>\n<meta property=\"og:type\" content=\"article\" \/>\n<meta property=\"og:title\" content=\"PRAXFER Homes: Privacy Policy\" \/>\n<meta property=\"og:description\" content=\"Privacy Policy Obtenci\u00f3n de datos personales y responsable del tratamiento De conformidad con lo previsto en la normativa vigente en materia de protecci\u00f3n de datos, se informa al usuario del presente sitio web &#8211; https:\/\/www.praxfer.com...\" \/>\n<meta property=\"og:url\" content=\"https:\/\/praxfer.com\/en\/privacy-policy\/\" \/>\n<meta property=\"og:site_name\" content=\"PRAXFER\" \/>\n<meta property=\"article:modified_time\" content=\"2025-10-22T13:36:49+00:00\" \/>\n<meta property=\"og:image\" content=\"https:\/\/praxfer.com\/wp-content\/uploads\/2025\/09\/blog-image.jpg\" \/>\n\t<meta property=\"og:image:width\" content=\"2200\" \/>\n\t<meta property=\"og:image:height\" content=\"1572\" \/>\n\t<meta property=\"og:image:type\" content=\"image\/jpeg\" \/>\n<meta name=\"twitter:card\" content=\"summary_large_image\" \/>\n<script type=\"application\/ld+json\" class=\"yoast-schema-graph\">{\"@context\":\"https:\\\/\\\/schema.org\",\"@graph\":[{\"@type\":\"WebPage\",\"@id\":\"https:\\\/\\\/praxfer.com\\\/en\\\/privacy-policy\\\/\",\"url\":\"https:\\\/\\\/praxfer.com\\\/en\\\/privacy-policy\\\/\",\"name\":\"PRAXFER Homes: Privacy Policy\",\"isPartOf\":{\"@id\":\"https:\\\/\\\/praxfer.com\\\/en\\\/#website\"},\"datePublished\":\"2025-08-22T13:18:16+00:00\",\"dateModified\":\"2025-10-22T13:36:49+00:00\",\"breadcrumb\":{\"@id\":\"https:\\\/\\\/praxfer.com\\\/en\\\/privacy-policy\\\/#breadcrumb\"},\"inLanguage\":\"en-US\",\"potentialAction\":[{\"@type\":\"ReadAction\",\"target\":[\"https:\\\/\\\/praxfer.com\\\/en\\\/privacy-policy\\\/\"]}]},{\"@type\":\"BreadcrumbList\",\"@id\":\"https:\\\/\\\/praxfer.com\\\/en\\\/privacy-policy\\\/#breadcrumb\",\"itemListElement\":[{\"@type\":\"ListItem\",\"position\":1,\"name\":\"Home\",\"item\":\"https:\\\/\\\/praxfer.com\\\/en\\\/\"},{\"@type\":\"ListItem\",\"position\":2,\"name\":\"Privacy Policy\"}]},{\"@type\":\"WebSite\",\"@id\":\"https:\\\/\\\/praxfer.com\\\/en\\\/#website\",\"url\":\"https:\\\/\\\/praxfer.com\\\/en\\\/\",\"name\":\"PRAXFER\",\"description\":\"PRAXFER\",\"publisher\":{\"@id\":\"https:\\\/\\\/praxfer.com\\\/en\\\/#organization\"},\"alternateName\":\"PRAXFER HOMES\",\"potentialAction\":[{\"@type\":\"SearchAction\",\"target\":{\"@type\":\"EntryPoint\",\"urlTemplate\":\"https:\\\/\\\/praxfer.com\\\/en\\\/?s={search_term_string}\"},\"query-input\":{\"@type\":\"PropertyValueSpecification\",\"valueRequired\":true,\"valueName\":\"search_term_string\"}}],\"inLanguage\":\"en-US\"},{\"@type\":\"Organization\",\"@id\":\"https:\\\/\\\/praxfer.com\\\/en\\\/#organization\",\"name\":\"PRAXFER\",\"alternateName\":\"PRAXFER HOMES\",\"url\":\"https:\\\/\\\/praxfer.com\\\/en\\\/\",\"logo\":{\"@type\":\"ImageObject\",\"inLanguage\":\"en-US\",\"@id\":\"https:\\\/\\\/praxfer.com\\\/en\\\/#\\\/schema\\\/logo\\\/image\\\/\",\"url\":\"https:\\\/\\\/paxfer.agenciaimagen.es\\\/wp-content\\\/uploads\\\/2025\\\/09\\\/logo-sostenibilidad.svg\",\"contentUrl\":\"https:\\\/\\\/paxfer.agenciaimagen.es\\\/wp-content\\\/uploads\\\/2025\\\/09\\\/logo-sostenibilidad.svg\",\"width\":113,\"height\":98,\"caption\":\"PRAXFER\"},\"image\":{\"@id\":\"https:\\\/\\\/praxfer.com\\\/en\\\/#\\\/schema\\\/logo\\\/image\\\/\"}}]}<\/script>\n<!-- \/ Yoast SEO plugin. -->","yoast_head_json":{"title":"PRAXFER Homes: Privacy Policy","robots":{"index":"index","follow":"follow","max-snippet":"max-snippet:-1","max-image-preview":"max-image-preview:large","max-video-preview":"max-video-preview:-1"},"canonical":"https:\/\/praxfer.com\/en\/privacy-policy\/","og_locale":"en_US","og_type":"article","og_title":"PRAXFER Homes: Privacy Policy","og_description":"Privacy Policy Obtenci\u00f3n de datos personales y responsable del tratamiento De conformidad con lo previsto en la normativa vigente en materia de protecci\u00f3n de datos, se informa al usuario del presente sitio web &#8211; https:\/\/www.praxfer.com...","og_url":"https:\/\/praxfer.com\/en\/privacy-policy\/","og_site_name":"PRAXFER","article_modified_time":"2025-10-22T13:36:49+00:00","og_image":[{"width":2200,"height":1572,"url":"https:\/\/praxfer.com\/wp-content\/uploads\/2025\/09\/blog-image.jpg","type":"image\/jpeg"}],"twitter_card":"summary_large_image","schema":{"@context":"https:\/\/schema.org","@graph":[{"@type":"WebPage","@id":"https:\/\/praxfer.com\/en\/privacy-policy\/","url":"https:\/\/praxfer.com\/en\/privacy-policy\/","name":"PRAXFER Homes: Privacy Policy","isPartOf":{"@id":"https:\/\/praxfer.com\/en\/#website"},"datePublished":"2025-08-22T13:18:16+00:00","dateModified":"2025-10-22T13:36:49+00:00","breadcrumb":{"@id":"https:\/\/praxfer.com\/en\/privacy-policy\/#breadcrumb"},"inLanguage":"en-US","potentialAction":[{"@type":"ReadAction","target":["https:\/\/praxfer.com\/en\/privacy-policy\/"]}]},{"@type":"BreadcrumbList","@id":"https:\/\/praxfer.com\/en\/privacy-policy\/#breadcrumb","itemListElement":[{"@type":"ListItem","position":1,"name":"Home","item":"https:\/\/praxfer.com\/en\/"},{"@type":"ListItem","position":2,"name":"Privacy Policy"}]},{"@type":"WebSite","@id":"https:\/\/praxfer.com\/en\/#website","url":"https:\/\/praxfer.com\/en\/","name":"PRAXFER","description":"PRAXFER","publisher":{"@id":"https:\/\/praxfer.com\/en\/#organization"},"alternateName":"PRAXFER HOMES","potentialAction":[{"@type":"SearchAction","target":{"@type":"EntryPoint","urlTemplate":"https:\/\/praxfer.com\/en\/?s={search_term_string}"},"query-input":{"@type":"PropertyValueSpecification","valueRequired":true,"valueName":"search_term_string"}}],"inLanguage":"en-US"},{"@type":"Organization","@id":"https:\/\/praxfer.com\/en\/#organization","name":"PRAXFER","alternateName":"PRAXFER HOMES","url":"https:\/\/praxfer.com\/en\/","logo":{"@type":"ImageObject","inLanguage":"en-US","@id":"https:\/\/praxfer.com\/en\/#\/schema\/logo\/image\/","url":"https:\/\/paxfer.agenciaimagen.es\/wp-content\/uploads\/2025\/09\/logo-sostenibilidad.svg","contentUrl":"https:\/\/paxfer.agenciaimagen.es\/wp-content\/uploads\/2025\/09\/logo-sostenibilidad.svg","width":113,"height":98,"caption":"PRAXFER"},"image":{"@id":"https:\/\/praxfer.com\/en\/#\/schema\/logo\/image\/"}}]}},"_links":{"self":[{"href":"https:\/\/praxfer.com\/en\/wp-json\/wp\/v2\/pages\/43","targetHints":{"allow":["GET"]}}],"collection":[{"href":"https:\/\/praxfer.com\/en\/wp-json\/wp\/v2\/pages"}],"about":[{"href":"https:\/\/praxfer.com\/en\/wp-json\/wp\/v2\/types\/page"}],"author":[{"embeddable":true,"href":"https:\/\/praxfer.com\/en\/wp-json\/wp\/v2\/users\/1"}],"replies":[{"embeddable":true,"href":"https:\/\/praxfer.com\/en\/wp-json\/wp\/v2\/comments?post=43"}],"version-history":[{"count":3,"href":"https:\/\/praxfer.com\/en\/wp-json\/wp\/v2\/pages\/43\/revisions"}],"predecessor-version":[{"id":730,"href":"https:\/\/praxfer.com\/en\/wp-json\/wp\/v2\/pages\/43\/revisions\/730"}],"wp:attachment":[{"href":"https:\/\/praxfer.com\/en\/wp-json\/wp\/v2\/media?parent=43"}],"curies":[{"name":"wp","href":"https:\/\/api.w.org\/{rel}","templated":true}]}}