{"id":41,"date":"2025-08-22T13:18:27","date_gmt":"2025-08-22T13:18:27","guid":{"rendered":"https:\/\/praxfer.com\/?page_id=41"},"modified":"2025-10-22T13:35:28","modified_gmt":"2025-10-22T13:35:28","slug":"cookies-policy","status":"publish","type":"page","link":"https:\/\/praxfer.com\/en\/cookies-policy\/","title":{"rendered":"Cookies Policy"},"content":{"rendered":"\n<div class=\"wp-block-group fullwidth-title\"><div class=\"wp-block-group__inner-container is-layout-constrained wp-block-group-is-layout-constrained\">\n<h1 class=\"wp-block-heading has-text-align-center\">Cookies Policy<\/h1>\n<\/div><\/div>\n\n\n\n<div class=\"wp-block-group container legals\"><div class=\"wp-block-group__inner-container is-layout-constrained wp-block-group-is-layout-constrained\">\n<h2 class=\"wp-block-heading\">QU\u00c9 SON LAS COOKIES Y PARA QU\u00c9 SE UTILIZAN:<\/h2>\n\n\n\n<p>Las cookies son archivos o dispositivos que se descargan en el equipo de un usuario al navegar en un sitio web.<\/p>\n\n\n\n<p>Las cookies son herramientas que tienen un papel esencial para la prestaci\u00f3n de numerosos servicios de la sociedad de la informaci\u00f3n. Las cookies, entre otras cosas, permiten almacenar y recuperar informaci\u00f3n sobre los h\u00e1bitos de navegaci\u00f3n de un usuario o de su equipo, lo que nos sirve para conocer qu\u00e9 p\u00e1ginas o utilidades de un sitio web, aplicaci\u00f3n o plataforma son m\u00e1s \u00fatiles y cu\u00e1les no, a efectos de mejorarlas y, dependiendo de la informaci\u00f3n que contengan y de la forma en la que utilice su equipo, tambi\u00e9n pueden utilizarse para reconocer al usuario.<\/p>\n\n\n\n<h2 class=\"wp-block-heading\">TIPOS DE COOKIES QUE UTILIZAMOS EN ESTA WEB:<\/h2>\n\n\n\n<ul class=\"wp-block-list\">\n<li>Seg\u00fan la entidad que las gestiona:\n<ul class=\"wp-block-list\">\n<li>Cookies propias: Son aquellas que enviamos al equipo del usuario desde un equipo o dominio gestionado por &#8220;PUERTALC\u00c1NTARA&#8221; y desde el que se presta el servicio solicitado por el usuario.<\/li>\n\n\n\n<li>Cookies de terceros: Son aquellas que se env\u00edan al equipo terminal del usuario desde un equipo o dominio que no es gestionado por \u201cPUERTALC\u00c1NTARA\u201d, sino por otra entidad que trata los datos obtenidos a trav\u00e9s de las cookies.<\/li>\n<\/ul>\n<\/li>\n\n\n\n<li>Seg\u00fan el plazo de tiempo que permanecen activadas:\n<ul class=\"wp-block-list\">\n<li>Cookies de sesi\u00f3n: Son aquellas dise\u00f1adas para recabar y almacenar datos mientras el usuario accede a la p\u00e1gina web.<\/li>\n\n\n\n<li>Cookies persistentes: Tipo de cookies en el que los datos siguen almacenados en el terminal y pueden ser accedidos y tratados durante un periodo definido por el responsable de la cookie, que puede ir de unos minutos a varios a\u00f1os.<\/li>\n<\/ul>\n<\/li>\n\n\n\n<li>Seg\u00fan su finalidad:\n<ul class=\"wp-block-list\">\n<li>Cookies t\u00e9cnicas: Son aquellas que permiten al usuario la navegaci\u00f3n a trav\u00e9s de una p\u00e1gina web, plataforma o aplicaci\u00f3n y la utilizaci\u00f3n de las diferentes opciones o servicios que en ella existan.<\/li>\n\n\n\n<li>Cookies de personalizaci\u00f3n: Son aqu\u00e9llas que permiten al usuario acceder al servicio con algunas caracter\u00edsticas de car\u00e1cter general predefinidas en funci\u00f3n de una serie de criterios en el terminal del usuario como por ejemplo ser\u00edan el idioma, el tipo de navegador a trav\u00e9s del cual accede al servicio, etc.<\/li>\n\n\n\n<li>Cookies de an\u00e1lisis: Son aqu\u00e9llas que permiten al responsable de las mismas, el seguimiento y an\u00e1lisis del comportamiento de los usuarios de los sitios web a los que est\u00e1n vinculadas. La informaci\u00f3n recogida mediante este tipo de cookies se utiliza en la medici\u00f3n de la actividad de los sitios web, aplicaci\u00f3n o plataforma y para la elaboraci\u00f3n de perfiles de navegaci\u00f3n de los usuarios de dichos sitios, aplicaciones y plataformas, con el fin de introducir mejoras en funci\u00f3n del an\u00e1lisis de los datos de uso que hacen los usuarios del servicio.<\/li>\n<\/ul>\n<\/li>\n<\/ul>\n\n\n\n<p>Las cookies propias de \u201cPUERTALC\u00c1NTARA\u201d que se utilizan en este sitio web son t\u00e9cnicas y de personalizaci\u00f3n, las cuales a su vez pueden ser de sesi\u00f3n y persistentes. Seg\u00fan lo establecido por el art\u00edculo 22.2 de la Ley 34\/2002, de 11 de julio, de Servicios de la Sociedad de la Informaci\u00f3n y de Comercio Electr\u00f3nico, las referidas cookies, propias de \u201cPUERTALC\u00c1NTARA\u201d, no requieren el consentimiento de los usuarios. Cookies de terceros utilizadas en esta web: EMISOR FINALIDAD ENLACES PARA INFORMACI\u00d3N POL\u00cdTICA DE COOKIES<\/p>\n\n\n\n<h2 class=\"wp-block-heading\">ACEPTACI\u00d3N DE COOKIES<\/h2>\n\n\n\n<ul class=\"wp-block-list\">\n<li>&nbsp;Si pulsa el bot\u00f3n \u201cAceptar pol\u00edtica de cookies\u201d situado en la parte inferior que aparece en el presente aviso, relativo a informaci\u00f3n y aceptaci\u00f3n de cookies, estar\u00e1 aceptando la instalaci\u00f3n de cookies en su equipo.<\/li>\n\n\n\n<li>Si no pulsa el bot\u00f3n \u201cAceptar pol\u00edtica de cookies\u201d situado en la parte inferior que aparece en el presente aviso, pero sigue navegando por nuestro sitio web, se considera que ha aceptado la instalaci\u00f3n de cookies en su equipo.<\/li>\n<\/ul>\n\n\n\n<h2 class=\"wp-block-heading\">\u2028RESTRICCI\u00d3N, BLOQUEO O ELIMINACI\u00d3N DE COOKIES YA INSTALADAS<\/h2>\n\n\n\n<ul class=\"wp-block-list\">\n<li>Puede restringir, bloquear o eliminar las cookies instaladas en su equipo mediante la configuraci\u00f3n de las opciones del navegador que tenga instalado en su equipo.<\/li>\n\n\n\n<li>En caso que no permita la instalaci\u00f3n de cookies en su navegador, es posible que no pueda acceder a nuestras utilidades.<\/li>\n\n\n\n<li>Si utiliza el navegador Internet Explorer, puede obtener informaci\u00f3n sobre c\u00f3mo bloquear o eliminar el uso de cookies en <a href=\"http:\/\/windows.microsoft.com\/es-xl\/internet-explorer\/delete-manage-cookies#ie=\u00bbie-10\">http:\/\/windows.microsoft.com\/es-xl\/internet-explorer\/delete-manage-cookies#ie=\u00bbie-10<\/a><\/li>\n\n\n\n<li>Si utiliza el navegador Chrome, puede obtener informaci\u00f3n sobre c\u00f3mo bloquear o eliminar el uso de cookies en <a href=\"http:\/\/support.google.com\/chrome\/answer\/95647?hl=es\">http:\/\/support.google.com\/chrome\/answer\/95647?hl=es<\/a><\/li>\n\n\n\n<li>Si utiliza el navegador Firefox, puede obtener informaci\u00f3n sobre c\u00f3mo bloquear o eliminar el uso de cookies en <a href=\"http:\/\/support.mozilla.org\/es\/kb\/Borrar%20cookies\">http:\/\/support.mozilla.org\/es\/kb\/Borrar%20cookies<\/a><\/li>\n<\/ul>\n<\/div><\/div>\n","protected":false},"excerpt":{"rendered":"<p>Cookies Policy QU\u00c9 SON LAS COOKIES Y PARA QU\u00c9 SE UTILIZAN: Las cookies son archivos o dispositivos que se descargan en el equipo de un usuario al navegar en un sitio web. Las cookies son&#8230;<\/p>\n","protected":false},"author":1,"featured_media":0,"parent":0,"menu_order":0,"comment_status":"closed","ping_status":"closed","template":"","meta":{"_acf_changed":false,"inline_featured_image":false,"footnotes":""},"class_list":["post-41","page","type-page","status-publish","hentry"],"acf":[],"yoast_head":"<!-- This site is optimized with the Yoast SEO plugin v27.4 - https:\/\/yoast.com\/product\/yoast-seo-wordpress\/ -->\n<title>PRAXFER Homes: Cookies Policy<\/title>\n<meta name=\"robots\" content=\"index, follow, max-snippet:-1, max-image-preview:large, max-video-preview:-1\" \/>\n<link rel=\"canonical\" href=\"https:\/\/praxfer.com\/en\/cookies-policy\/\" \/>\n<meta property=\"og:locale\" content=\"en_US\" \/>\n<meta property=\"og:type\" content=\"article\" \/>\n<meta property=\"og:title\" content=\"PRAXFER Homes: Cookies Policy\" \/>\n<meta property=\"og:description\" content=\"Cookies Policy QU\u00c9 SON LAS COOKIES Y PARA QU\u00c9 SE UTILIZAN: Las cookies son archivos o dispositivos que se descargan en el equipo de un usuario al navegar en un sitio web. Las cookies son...\" \/>\n<meta property=\"og:url\" content=\"https:\/\/praxfer.com\/en\/cookies-policy\/\" \/>\n<meta property=\"og:site_name\" content=\"PRAXFER\" \/>\n<meta property=\"article:modified_time\" content=\"2025-10-22T13:35:28+00:00\" \/>\n<meta property=\"og:image\" content=\"https:\/\/praxfer.com\/wp-content\/uploads\/2025\/09\/blog-image.jpg\" \/>\n\t<meta property=\"og:image:width\" content=\"2200\" \/>\n\t<meta property=\"og:image:height\" content=\"1572\" \/>\n\t<meta property=\"og:image:type\" content=\"image\/jpeg\" \/>\n<meta name=\"twitter:card\" content=\"summary_large_image\" \/>\n<script type=\"application\/ld+json\" class=\"yoast-schema-graph\">{\"@context\":\"https:\\\/\\\/schema.org\",\"@graph\":[{\"@type\":\"WebPage\",\"@id\":\"https:\\\/\\\/praxfer.com\\\/en\\\/cookies-policy\\\/\",\"url\":\"https:\\\/\\\/praxfer.com\\\/en\\\/cookies-policy\\\/\",\"name\":\"PRAXFER Homes: Cookies Policy\",\"isPartOf\":{\"@id\":\"https:\\\/\\\/praxfer.com\\\/en\\\/#website\"},\"datePublished\":\"2025-08-22T13:18:27+00:00\",\"dateModified\":\"2025-10-22T13:35:28+00:00\",\"breadcrumb\":{\"@id\":\"https:\\\/\\\/praxfer.com\\\/en\\\/cookies-policy\\\/#breadcrumb\"},\"inLanguage\":\"en-US\",\"potentialAction\":[{\"@type\":\"ReadAction\",\"target\":[\"https:\\\/\\\/praxfer.com\\\/en\\\/cookies-policy\\\/\"]}]},{\"@type\":\"BreadcrumbList\",\"@id\":\"https:\\\/\\\/praxfer.com\\\/en\\\/cookies-policy\\\/#breadcrumb\",\"itemListElement\":[{\"@type\":\"ListItem\",\"position\":1,\"name\":\"Home\",\"item\":\"https:\\\/\\\/praxfer.com\\\/en\\\/\"},{\"@type\":\"ListItem\",\"position\":2,\"name\":\"Cookies Policy\"}]},{\"@type\":\"WebSite\",\"@id\":\"https:\\\/\\\/praxfer.com\\\/en\\\/#website\",\"url\":\"https:\\\/\\\/praxfer.com\\\/en\\\/\",\"name\":\"PRAXFER\",\"description\":\"PRAXFER\",\"publisher\":{\"@id\":\"https:\\\/\\\/praxfer.com\\\/en\\\/#organization\"},\"alternateName\":\"PRAXFER HOMES\",\"potentialAction\":[{\"@type\":\"SearchAction\",\"target\":{\"@type\":\"EntryPoint\",\"urlTemplate\":\"https:\\\/\\\/praxfer.com\\\/en\\\/?s={search_term_string}\"},\"query-input\":{\"@type\":\"PropertyValueSpecification\",\"valueRequired\":true,\"valueName\":\"search_term_string\"}}],\"inLanguage\":\"en-US\"},{\"@type\":\"Organization\",\"@id\":\"https:\\\/\\\/praxfer.com\\\/en\\\/#organization\",\"name\":\"PRAXFER\",\"alternateName\":\"PRAXFER HOMES\",\"url\":\"https:\\\/\\\/praxfer.com\\\/en\\\/\",\"logo\":{\"@type\":\"ImageObject\",\"inLanguage\":\"en-US\",\"@id\":\"https:\\\/\\\/praxfer.com\\\/en\\\/#\\\/schema\\\/logo\\\/image\\\/\",\"url\":\"https:\\\/\\\/paxfer.agenciaimagen.es\\\/wp-content\\\/uploads\\\/2025\\\/09\\\/logo-sostenibilidad.svg\",\"contentUrl\":\"https:\\\/\\\/paxfer.agenciaimagen.es\\\/wp-content\\\/uploads\\\/2025\\\/09\\\/logo-sostenibilidad.svg\",\"width\":113,\"height\":98,\"caption\":\"PRAXFER\"},\"image\":{\"@id\":\"https:\\\/\\\/praxfer.com\\\/en\\\/#\\\/schema\\\/logo\\\/image\\\/\"}}]}<\/script>\n<!-- \/ Yoast SEO plugin. -->","yoast_head_json":{"title":"PRAXFER Homes: Cookies Policy","robots":{"index":"index","follow":"follow","max-snippet":"max-snippet:-1","max-image-preview":"max-image-preview:large","max-video-preview":"max-video-preview:-1"},"canonical":"https:\/\/praxfer.com\/en\/cookies-policy\/","og_locale":"en_US","og_type":"article","og_title":"PRAXFER Homes: Cookies Policy","og_description":"Cookies Policy QU\u00c9 SON LAS COOKIES Y PARA QU\u00c9 SE UTILIZAN: Las cookies son archivos o dispositivos que se descargan en el equipo de un usuario al navegar en un sitio web. Las cookies son...","og_url":"https:\/\/praxfer.com\/en\/cookies-policy\/","og_site_name":"PRAXFER","article_modified_time":"2025-10-22T13:35:28+00:00","og_image":[{"width":2200,"height":1572,"url":"https:\/\/praxfer.com\/wp-content\/uploads\/2025\/09\/blog-image.jpg","type":"image\/jpeg"}],"twitter_card":"summary_large_image","schema":{"@context":"https:\/\/schema.org","@graph":[{"@type":"WebPage","@id":"https:\/\/praxfer.com\/en\/cookies-policy\/","url":"https:\/\/praxfer.com\/en\/cookies-policy\/","name":"PRAXFER Homes: Cookies Policy","isPartOf":{"@id":"https:\/\/praxfer.com\/en\/#website"},"datePublished":"2025-08-22T13:18:27+00:00","dateModified":"2025-10-22T13:35:28+00:00","breadcrumb":{"@id":"https:\/\/praxfer.com\/en\/cookies-policy\/#breadcrumb"},"inLanguage":"en-US","potentialAction":[{"@type":"ReadAction","target":["https:\/\/praxfer.com\/en\/cookies-policy\/"]}]},{"@type":"BreadcrumbList","@id":"https:\/\/praxfer.com\/en\/cookies-policy\/#breadcrumb","itemListElement":[{"@type":"ListItem","position":1,"name":"Home","item":"https:\/\/praxfer.com\/en\/"},{"@type":"ListItem","position":2,"name":"Cookies Policy"}]},{"@type":"WebSite","@id":"https:\/\/praxfer.com\/en\/#website","url":"https:\/\/praxfer.com\/en\/","name":"PRAXFER","description":"PRAXFER","publisher":{"@id":"https:\/\/praxfer.com\/en\/#organization"},"alternateName":"PRAXFER HOMES","potentialAction":[{"@type":"SearchAction","target":{"@type":"EntryPoint","urlTemplate":"https:\/\/praxfer.com\/en\/?s={search_term_string}"},"query-input":{"@type":"PropertyValueSpecification","valueRequired":true,"valueName":"search_term_string"}}],"inLanguage":"en-US"},{"@type":"Organization","@id":"https:\/\/praxfer.com\/en\/#organization","name":"PRAXFER","alternateName":"PRAXFER HOMES","url":"https:\/\/praxfer.com\/en\/","logo":{"@type":"ImageObject","inLanguage":"en-US","@id":"https:\/\/praxfer.com\/en\/#\/schema\/logo\/image\/","url":"https:\/\/paxfer.agenciaimagen.es\/wp-content\/uploads\/2025\/09\/logo-sostenibilidad.svg","contentUrl":"https:\/\/paxfer.agenciaimagen.es\/wp-content\/uploads\/2025\/09\/logo-sostenibilidad.svg","width":113,"height":98,"caption":"PRAXFER"},"image":{"@id":"https:\/\/praxfer.com\/en\/#\/schema\/logo\/image\/"}}]}},"_links":{"self":[{"href":"https:\/\/praxfer.com\/en\/wp-json\/wp\/v2\/pages\/41","targetHints":{"allow":["GET"]}}],"collection":[{"href":"https:\/\/praxfer.com\/en\/wp-json\/wp\/v2\/pages"}],"about":[{"href":"https:\/\/praxfer.com\/en\/wp-json\/wp\/v2\/types\/page"}],"author":[{"embeddable":true,"href":"https:\/\/praxfer.com\/en\/wp-json\/wp\/v2\/users\/1"}],"replies":[{"embeddable":true,"href":"https:\/\/praxfer.com\/en\/wp-json\/wp\/v2\/comments?post=41"}],"version-history":[{"count":3,"href":"https:\/\/praxfer.com\/en\/wp-json\/wp\/v2\/pages\/41\/revisions"}],"predecessor-version":[{"id":728,"href":"https:\/\/praxfer.com\/en\/wp-json\/wp\/v2\/pages\/41\/revisions\/728"}],"wp:attachment":[{"href":"https:\/\/praxfer.com\/en\/wp-json\/wp\/v2\/media?parent=41"}],"curies":[{"name":"wp","href":"https:\/\/api.w.org\/{rel}","templated":true}]}}