{"id":37,"date":"2025-08-22T13:18:38","date_gmt":"2025-08-22T13:18:38","guid":{"rendered":"https:\/\/praxfer.com\/?page_id=37"},"modified":"2025-10-22T13:36:34","modified_gmt":"2025-10-22T13:36:34","slug":"legal-advice","status":"publish","type":"page","link":"https:\/\/praxfer.com\/en\/legal-advice\/","title":{"rendered":"Legal Advice"},"content":{"rendered":"\n<div class=\"wp-block-group fullwidth-title\"><div class=\"wp-block-group__inner-container is-layout-constrained wp-block-group-is-layout-constrained\">\n<h1 class=\"wp-block-heading has-text-align-center\">Legal Advice<\/h1>\n<\/div><\/div>\n\n\n\n<div class=\"wp-block-group container legals\"><div class=\"wp-block-group__inner-container is-layout-constrained wp-block-group-is-layout-constrained\">\n<h2 class=\"wp-block-heading\">Introducci\u00f3n y datos de la compa\u00f1\u00eda<\/h2>\n\n\n\n<p>Este apartado incluye informaci\u00f3n relativa a las condiciones generales de acceso y uso del sitio web de RESIDENCIAL PUERTALC\u00c1NTARA, S.L. (en adelante \u201cPUERTALCANTARA\u201d) &#8211; https:\/\/www.praxfer.com &#8211; que deben ser conocidas por el usuario, a los efectos previstos en la Ley 34\/2002, de 11 de julio, de Servicios de la Sociedad de la Informaci\u00f3n y de Comercio Electr\u00f3nico.<\/p>\n\n\n\n<ul class=\"wp-block-list\">\n<li>Datos registrales: inscrita en el Registro Mercantil de M\u00e1laga, al tomo 6438, folio 68, Hoja n\u00famero MA-178691, Inscripci\u00f3n 1\u00aa.<\/li>\n\n\n\n<li>C.I.F. N\u00ba: B56796766<\/li>\n<\/ul>\n\n\n\n<p>Desde este sitio web de \u201cPUERTALC\u00c1NTARA\u201d &#8211; https:\/\/www.praxfer.com &#8211; se comercializan por parte de esta \u00faltima promociones inmobiliarias pertenecientes a esta sociedad y cuyo pleno dominio y\/o derechos de comercializaci\u00f3n le corresponden ser ejecutadas por sociedades pertenecientes al Grupo de Empresas \u201cFernando Moreno\u201d, tales como \u201cINVERSIONES PRAXFER S.L. (C.I.F. N\u00ba: B92013853) y \u201cNAVES INDUSTRIALES LAS MEDRANAS S.L. (C.I.F. N\u00ba: B29736436), entre otros posibles.<\/p>\n\n\n\n<h2 class=\"wp-block-heading\">Acceso<\/h2>\n\n\n\n<p>El acceso a este sitio web es responsabilidad exclusiva de los usuarios y supone que conocen y aceptan las advertencias legales, las condiciones y los t\u00e9rminos de uso que contiene.<\/p>\n\n\n\n<p>El Usuario es el \u00fanico responsable frente a cualquier reclamaci\u00f3n o acci\u00f3n legal, judicial o extrajudicial, iniciada por terceras personas, basada en la utilizaci\u00f3n por el Usuario del Servicio.<\/p>\n\n\n\n<p>Si el usuario no estuviera de acuerdo con el contenido de las presentes condiciones generales de navegaci\u00f3n, deber\u00e1 abandonar el sitio web y no podr\u00e1 acceder a \u00e9l ni disponer de los servicios que ofrece.<\/p>\n\n\n\n<p>El usuario garantiza la veracidad y la autenticidad de la informaci\u00f3n comunicada a consecuencia de los servicios que ofrece \u201cPUERTALC\u00c1NTARA\u201d para la comunicaci\u00f3n de quejas reclamaciones y\/o sugerencias y se obliga, asimismo, a mantener esta informaci\u00f3n actualizada.<\/p>\n\n\n\n<p>\u201cPUERTALC\u00c1NTARA\u201d puede modificar, en cualquier momento que lo estime oportuno, la configuraci\u00f3n de este sitio web, las condiciones del servicio y su contenido, as\u00ed como eliminarlos, limitarlos o suspenderlos de manera temporal o definitiva, o impedir el acceso a este, y procurar informar al usuario de este cambio, siempre que las circunstancias lo permitan, mediante una publicaci\u00f3n en el sitio web.<\/p>\n\n\n\n<p>Queda prohibido el acceso al Sitio Web por parte de menores de edad, salvo que cuenten con la autorizaci\u00f3n previa y expresa de sus padres, tutores o representantes legales, los cuales ser\u00e1n considerados como responsables de los actos que lleven a cabo los menores a su cargo, conforme a la normativa vigente. En todo caso, se presumir\u00e1 que el acceso realizado por un menor al Sitio Web se ha realizado con autorizaci\u00f3n previa y expresa de sus padres, tutores o representantes legales.<\/p>\n\n\n\n<h2 class=\"wp-block-heading\">Condiciones de acceso:<\/h2>\n\n\n\n<p>El acceso a este sitio web es responsabilidad exclusiva de los usuarios y supone que conocen y aceptan las advertencias legales, las condiciones y los t\u00e9rminos de uso que contiene.<\/p>\n\n\n\n<p>El Usuario es el \u00fanico responsable frente a cualquier reclamaci\u00f3n o acci\u00f3n legal, judicial o extrajudicial, iniciada por terceras personas, basada en la utilizaci\u00f3n por el Usuario del Servicio.\u2028Si el usuario no estuviera de acuerdo con el contenido de las presentes condiciones generales de navegaci\u00f3n, deber\u00e1 abandonar el sitio web y no podr\u00e1 acceder a \u00e9l ni disponer de los servicios que ofrece.<\/p>\n\n\n\n<p>El usuario garantiza la veracidad y la autenticidad de la informaci\u00f3n comunicada a consecuencia de los servicios que ofrece \u201cPUERTALC\u00c1NTARA\u201d para la comunicaci\u00f3n de quejas reclamaciones y\/o sugerencias y se obliga, asimismo, a mantener esta informaci\u00f3n actualizada.<\/p>\n\n\n\n<p>\u201cPUERTALC\u00c1NTARA\u201d puede modificar, en cualquier momento que lo estime oportuno, la configuraci\u00f3n de este sitio web, las condiciones del servicio y su contenido, as\u00ed como eliminarlos, limitarlos o suspenderlos de manera temporal o definitiva, o impedir el acceso a este, y procurar informar al usuario de este cambio, siempre que las circunstancias lo permitan, mediante una publicaci\u00f3n en el sitio web.<\/p>\n\n\n\n<h2 class=\"wp-block-heading\">Condiciones de uso:<\/h2>\n\n\n\n<p>El Usuario se compromete a utilizar el website y los Servicios de conformidad con la ley, el presente Aviso Legal, las Condiciones Particulares de algunos Servicios y con la moral, las buenas costumbres generalmente aceptadas y el orden p\u00fablico.<\/p>\n\n\n\n<p>El Usuario se abstendr\u00e1 de utilizar cualquiera de los Servicios con fines o efectos il\u00edcitos, prohibidos en el presente Aviso Legal, lesivos de los derechos e intereses de terceros o que de cualquier forma puedan da\u00f1ar, inutilizar, sobrecargar, deteriorar o impedir la normal utilizaci\u00f3n de los Servicios, los equipos inform\u00e1ticos o los documentos, archivos y toda clase de contenidos almacenados en cualquier equipo inform\u00e1tico (hacking) de &#8220;PUERTALC\u00c1NTARA\u201d de otros Usuarios o de cualquier Usuario de Internet (hardware y software). A t\u00edtulo meramente indicativo y no exhaustivo, el Usuario se compromete a no transmitir, difundir o poner a disposici\u00f3n de terceros informaciones, datos, contenidos, mensajes, gr\u00e1ficos, dibujos, archivos de sonido y\/o imagen, fotograf\u00edas, grabaciones, software y, en general, cualquier clase de material que:<\/p>\n\n\n\n<ol class=\"wp-block-list\">\n<li>sea contrario o atente contra los derechos fundamentales y las libertades p\u00fablicas reconocidas constitucionalmente o en el resto de legislaci\u00f3n.<\/li>\n\n\n\n<li>sea contrario al derecho al honor, a la intimidad personal y familiar o a la propia imagen de las personas.<\/li>\n\n\n\n<li>Constituya publicidad il\u00edcita, enga\u00f1osa o desleal o de cualquier forma constituya competencia desleal.<\/li>\n\n\n\n<li>Incorpore virus u otros elementos f\u00edsicos o electr\u00f3nicos que puedan da\u00f1ar o impedir el normal funcionamiento de la red, del sistema o de equipos inform\u00e1ticos (hardware y software) de \u201cPUERTALC\u00c1NTARA\u201d o de terceros o que puedan da\u00f1ar los documentos electr\u00f3nicos y archivos almacenados en dichos equipos inform\u00e1ticos.<\/li>\n\n\n\n<li>Provoque dificultades en el normal funcionamiento del servicio. Incite, induzca o promueva actuaciones delictivas, denigratorias, infamantes, violentas o contrarias a la ley, a la moral, a las buenas costumbres o al orden p\u00fablico.<\/li>\n\n\n\n<li>incite, induzca o promueva actuaciones o actitudes discriminatorias por raz\u00f3n de sexo, raza, religi\u00f3n, creencias, edad o condici\u00f3n.<\/li>\n\n\n\n<li>ponga a disposici\u00f3n, incorpore o permita acceder a productos, elementos, mensajes y\/o servicios delictivos, violentos, ofensivos o contrarias a la ley, a la moral, a las buenas costumbres o al orden p\u00fablico.<\/li>\n\n\n\n<li>se encuentre protegido por derechos de propiedad intelectual o industrial pertenecientes a terceros, sin que el Usuario haya obtenido previamente de sus titulares la autorizaci\u00f3n necesaria para llevar a cabo el uso que efect\u00faa o pretende efectuar<\/li>\n\n\n\n<li>viole los derechos empresariales de terceros<\/li>\n<\/ol>\n\n\n\n<h2 class=\"wp-block-heading\">PROPIEDAD INTELECTUAL E INDUSTRIAL:<\/h2>\n\n\n\n<p>Todos los elementos que integran el dise\u00f1o gr\u00e1fico de la web, los men\u00fas, botones de navegaci\u00f3n, el c\u00f3digo HTML, y, en general, todos los contenidos e informaci\u00f3n a los que el Usuario pueda acceder a trav\u00e9s de las p\u00e1ginas web de \u201cPUERTALC\u00c1NTARA\u201d est\u00e1n sujetos a derechos de propiedad industrial e intelectual, patentes, marcas o copyright de \u201cPUERTALC\u00c1NTARA\u201d o de terceros titulares de los mismos. Queda expresamente prohibida para el Usuario la alteraci\u00f3n, modificaci\u00f3n, explotaci\u00f3n, reproducci\u00f3n, distribuci\u00f3n o comunicaci\u00f3n p\u00fablica o cualquier otro derecho que corresponda al titular del derecho afectado.<\/p>\n\n\n\n<h2 class=\"wp-block-heading\">EXCLUSI\u00d3N DE GARANT\u00cdAS Y DE RESPONSABILIDADES:<\/h2>\n\n\n\n<p>\u201cPUERTALC\u00c1NTARA\u201d no garantiza la disponibilidad y continuidad del funcionamiento del Servicio, ni su utilidad para la realizaci\u00f3n de ninguna actividad en particular, ni su infalibilidad y calidad.<\/p>\n\n\n\n<p>\u201cPUERTALC\u00c1NTARA\u201d excluye cualquier responsabilidad por los da\u00f1os y perjuicios de toda naturaleza que puedan deberse a la falta de disponibilidad, de continuidad o de calidad del funcionamiento del servicio.<\/p>\n\n\n\n<p>\u201cPUERTALC\u00c1NTARA\u201d excluye cualquier responsabilidad por los da\u00f1os y perjuicios de toda naturaleza que puedan deberse a la presencia de virus o a la presencia de otros elementos en los contenidos que puedan producir alteraciones en el sistema inform\u00e1tico, documentos electr\u00f3nicos o ficheros de los Usuarios.<\/p>\n\n\n\n<p>\u201cPUERTALC\u00c1NTARA\u201d excluye cualquier responsabilidad por los da\u00f1os y perjuicios de toda naturaleza que pudieran causarse por los Usuarios en la transmisi\u00f3n, difusi\u00f3n, almacenamiento, puesta a disposici\u00f3n, recepci\u00f3n, obtenci\u00f3n o acceso a los contenidos y, en particular, aunque no exclusivamente, por los da\u00f1os y perjuicios que puedan deberse a:<\/p>\n\n\n\n<ul class=\"wp-block-list\">\n<li>el incumplimiento de la ley, moral o buenas costumbres generalmente aceptadas o el orden p\u00fablico como consecuencia de la transmisi\u00f3n, difusi\u00f3n, almacenamiento, puesta a disposici\u00f3n, recepci\u00f3n, obtenci\u00f3n o acceso a los contenidos<\/li>\n\n\n\n<li>la infracci\u00f3n de los derechos de propiedad industrial o intelectual, de los secretos empresariales, de compromisos contractuales de cualquier clase, de los derechos al honor, a la intimidad personal y familiar y a la imagen de las personas, de los derechos de propiedad y de toda otra naturaleza pertenecientes a un tercero como consecuencia de la transmisi\u00f3n, difusi\u00f3n, almacenamiento, puesta a disposici\u00f3n, recepci\u00f3n, obtenci\u00f3n o acceso a los contenidos.<\/li>\n\n\n\n<li>la realizaci\u00f3n de actos de competencia desleal y publicidad il\u00edcita como consecuencia de la transmisi\u00f3n, difusi\u00f3n, almacenamiento, puesta a disposici\u00f3n, recepci\u00f3n, obtenci\u00f3n o acceso a los contenidos<\/li>\n\n\n\n<li>falta de veracidad, exactitud, exhaustividad, pertenencia y\/o actualidad de los contenidos.<\/li>\n\n\n\n<li>la suplantaci\u00f3n de la personalidad de un tercero efectuada por un Usuario en cualquier clase de comunicaci\u00f3n realizada a trav\u00e9s del servicio.<\/li>\n\n\n\n<li>el incumplimiento, retraso en el cumplimiento, cumplimiento defectuoso o terminaci\u00f3n por cualquier causa de las obligaciones contra\u00eddas por terceros y contratos realizados con terceros a trav\u00e9s de o con motivo del acceso a los contenidos.<\/li>\n\n\n\n<li>los vicios y defectos de toda clase de los contenidos transmitidos, difundidos, almacenados, puestos a disposici\u00f3n o de otra forma transmitidos o puestos a disposici\u00f3n, recibidos, obtenidos o a los que se haya accedido a trav\u00e9s de los servicios.<\/li>\n<\/ul>\n\n\n\n<h2 class=\"wp-block-heading\">LEGISLACI\u00d3N APLICABLE:<\/h2>\n\n\n\n<p>El presente Aviso Legal se rige en todos y cada uno de sus extremos por la ley espa\u00f1ola.<\/p>\n\n\n\n<h2 class=\"wp-block-heading\">JURISDICCI\u00d3N:<\/h2>\n\n\n\n<p>Las partes se someten expresamente a los Juzgados y Tribunales de M\u00e1laga, con renunciando expresa a cualquier otro fuero que pudiera corresponderles, para dirimir cualquier controversia derivada del acceso y uso de este sitio web, sus contenidos y\/o servicios, as\u00ed como de la interpretaci\u00f3n y cumplimiento de las presentes condiciones generales y de cualquier otro texto de car\u00e1cter contractual contenido en esta web.<\/p>\n<\/div><\/div>\n\n\n\n<p><\/p>\n","protected":false},"excerpt":{"rendered":"<p>Legal Advice Introducci\u00f3n y datos de la compa\u00f1\u00eda Este apartado incluye informaci\u00f3n relativa a las condiciones generales de acceso y uso del sitio web de RESIDENCIAL PUERTALC\u00c1NTARA, S.L. (en adelante \u201cPUERTALCANTARA\u201d) &#8211; https:\/\/www.praxfer.com &#8211; que&#8230;<\/p>\n","protected":false},"author":1,"featured_media":0,"parent":0,"menu_order":0,"comment_status":"closed","ping_status":"closed","template":"","meta":{"_acf_changed":false,"inline_featured_image":false,"footnotes":""},"class_list":["post-37","page","type-page","status-publish","hentry"],"acf":[],"yoast_head":"<!-- This site is optimized with the Yoast SEO plugin v27.4 - https:\/\/yoast.com\/product\/yoast-seo-wordpress\/ -->\n<title>PRAXFER Homes: Legal Advice<\/title>\n<meta name=\"robots\" content=\"index, follow, max-snippet:-1, max-image-preview:large, max-video-preview:-1\" \/>\n<link rel=\"canonical\" href=\"https:\/\/praxfer.com\/en\/legal-advice\/\" \/>\n<meta property=\"og:locale\" content=\"en_US\" \/>\n<meta property=\"og:type\" content=\"article\" \/>\n<meta property=\"og:title\" content=\"PRAXFER Homes: Legal Advice\" \/>\n<meta property=\"og:description\" content=\"Legal Advice Introducci\u00f3n y datos de la compa\u00f1\u00eda Este apartado incluye informaci\u00f3n relativa a las condiciones generales de acceso y uso del sitio web de RESIDENCIAL PUERTALC\u00c1NTARA, S.L. (en adelante \u201cPUERTALCANTARA\u201d) &#8211; https:\/\/www.praxfer.com &#8211; que...\" \/>\n<meta property=\"og:url\" content=\"https:\/\/praxfer.com\/en\/legal-advice\/\" \/>\n<meta property=\"og:site_name\" content=\"PRAXFER\" \/>\n<meta property=\"article:modified_time\" content=\"2025-10-22T13:36:34+00:00\" \/>\n<meta property=\"og:image\" content=\"https:\/\/praxfer.com\/wp-content\/uploads\/2025\/09\/the-grove-hero.jpg\" \/>\n\t<meta property=\"og:image:width\" content=\"2560\" \/>\n\t<meta property=\"og:image:height\" content=\"1040\" \/>\n\t<meta property=\"og:image:type\" content=\"image\/jpeg\" \/>\n<meta name=\"twitter:card\" content=\"summary_large_image\" \/>\n<script type=\"application\/ld+json\" class=\"yoast-schema-graph\">{\"@context\":\"https:\\\/\\\/schema.org\",\"@graph\":[{\"@type\":\"WebPage\",\"@id\":\"https:\\\/\\\/praxfer.com\\\/en\\\/legal-advice\\\/\",\"url\":\"https:\\\/\\\/praxfer.com\\\/en\\\/legal-advice\\\/\",\"name\":\"PRAXFER Homes: Legal Advice\",\"isPartOf\":{\"@id\":\"https:\\\/\\\/praxfer.com\\\/en\\\/#website\"},\"datePublished\":\"2025-08-22T13:18:38+00:00\",\"dateModified\":\"2025-10-22T13:36:34+00:00\",\"breadcrumb\":{\"@id\":\"https:\\\/\\\/praxfer.com\\\/en\\\/legal-advice\\\/#breadcrumb\"},\"inLanguage\":\"en-US\",\"potentialAction\":[{\"@type\":\"ReadAction\",\"target\":[\"https:\\\/\\\/praxfer.com\\\/en\\\/legal-advice\\\/\"]}]},{\"@type\":\"BreadcrumbList\",\"@id\":\"https:\\\/\\\/praxfer.com\\\/en\\\/legal-advice\\\/#breadcrumb\",\"itemListElement\":[{\"@type\":\"ListItem\",\"position\":1,\"name\":\"Home\",\"item\":\"https:\\\/\\\/praxfer.com\\\/en\\\/\"},{\"@type\":\"ListItem\",\"position\":2,\"name\":\"Legal Advice\"}]},{\"@type\":\"WebSite\",\"@id\":\"https:\\\/\\\/praxfer.com\\\/en\\\/#website\",\"url\":\"https:\\\/\\\/praxfer.com\\\/en\\\/\",\"name\":\"PRAXFER\",\"description\":\"PRAXFER\",\"publisher\":{\"@id\":\"https:\\\/\\\/praxfer.com\\\/en\\\/#organization\"},\"alternateName\":\"PRAXFER HOMES\",\"potentialAction\":[{\"@type\":\"SearchAction\",\"target\":{\"@type\":\"EntryPoint\",\"urlTemplate\":\"https:\\\/\\\/praxfer.com\\\/en\\\/?s={search_term_string}\"},\"query-input\":{\"@type\":\"PropertyValueSpecification\",\"valueRequired\":true,\"valueName\":\"search_term_string\"}}],\"inLanguage\":\"en-US\"},{\"@type\":\"Organization\",\"@id\":\"https:\\\/\\\/praxfer.com\\\/en\\\/#organization\",\"name\":\"PRAXFER\",\"alternateName\":\"PRAXFER HOMES\",\"url\":\"https:\\\/\\\/praxfer.com\\\/en\\\/\",\"logo\":{\"@type\":\"ImageObject\",\"inLanguage\":\"en-US\",\"@id\":\"https:\\\/\\\/praxfer.com\\\/en\\\/#\\\/schema\\\/logo\\\/image\\\/\",\"url\":\"https:\\\/\\\/paxfer.agenciaimagen.es\\\/wp-content\\\/uploads\\\/2025\\\/09\\\/logo-sostenibilidad.svg\",\"contentUrl\":\"https:\\\/\\\/paxfer.agenciaimagen.es\\\/wp-content\\\/uploads\\\/2025\\\/09\\\/logo-sostenibilidad.svg\",\"width\":113,\"height\":98,\"caption\":\"PRAXFER\"},\"image\":{\"@id\":\"https:\\\/\\\/praxfer.com\\\/en\\\/#\\\/schema\\\/logo\\\/image\\\/\"}}]}<\/script>\n<!-- \/ Yoast SEO plugin. -->","yoast_head_json":{"title":"PRAXFER Homes: Legal Advice","robots":{"index":"index","follow":"follow","max-snippet":"max-snippet:-1","max-image-preview":"max-image-preview:large","max-video-preview":"max-video-preview:-1"},"canonical":"https:\/\/praxfer.com\/en\/legal-advice\/","og_locale":"en_US","og_type":"article","og_title":"PRAXFER Homes: Legal Advice","og_description":"Legal Advice Introducci\u00f3n y datos de la compa\u00f1\u00eda Este apartado incluye informaci\u00f3n relativa a las condiciones generales de acceso y uso del sitio web de RESIDENCIAL PUERTALC\u00c1NTARA, S.L. (en adelante \u201cPUERTALCANTARA\u201d) &#8211; https:\/\/www.praxfer.com &#8211; que...","og_url":"https:\/\/praxfer.com\/en\/legal-advice\/","og_site_name":"PRAXFER","article_modified_time":"2025-10-22T13:36:34+00:00","og_image":[{"width":2560,"height":1040,"url":"https:\/\/praxfer.com\/wp-content\/uploads\/2025\/09\/the-grove-hero.jpg","type":"image\/jpeg"}],"twitter_card":"summary_large_image","schema":{"@context":"https:\/\/schema.org","@graph":[{"@type":"WebPage","@id":"https:\/\/praxfer.com\/en\/legal-advice\/","url":"https:\/\/praxfer.com\/en\/legal-advice\/","name":"PRAXFER Homes: Legal Advice","isPartOf":{"@id":"https:\/\/praxfer.com\/en\/#website"},"datePublished":"2025-08-22T13:18:38+00:00","dateModified":"2025-10-22T13:36:34+00:00","breadcrumb":{"@id":"https:\/\/praxfer.com\/en\/legal-advice\/#breadcrumb"},"inLanguage":"en-US","potentialAction":[{"@type":"ReadAction","target":["https:\/\/praxfer.com\/en\/legal-advice\/"]}]},{"@type":"BreadcrumbList","@id":"https:\/\/praxfer.com\/en\/legal-advice\/#breadcrumb","itemListElement":[{"@type":"ListItem","position":1,"name":"Home","item":"https:\/\/praxfer.com\/en\/"},{"@type":"ListItem","position":2,"name":"Legal Advice"}]},{"@type":"WebSite","@id":"https:\/\/praxfer.com\/en\/#website","url":"https:\/\/praxfer.com\/en\/","name":"PRAXFER","description":"PRAXFER","publisher":{"@id":"https:\/\/praxfer.com\/en\/#organization"},"alternateName":"PRAXFER HOMES","potentialAction":[{"@type":"SearchAction","target":{"@type":"EntryPoint","urlTemplate":"https:\/\/praxfer.com\/en\/?s={search_term_string}"},"query-input":{"@type":"PropertyValueSpecification","valueRequired":true,"valueName":"search_term_string"}}],"inLanguage":"en-US"},{"@type":"Organization","@id":"https:\/\/praxfer.com\/en\/#organization","name":"PRAXFER","alternateName":"PRAXFER HOMES","url":"https:\/\/praxfer.com\/en\/","logo":{"@type":"ImageObject","inLanguage":"en-US","@id":"https:\/\/praxfer.com\/en\/#\/schema\/logo\/image\/","url":"https:\/\/paxfer.agenciaimagen.es\/wp-content\/uploads\/2025\/09\/logo-sostenibilidad.svg","contentUrl":"https:\/\/paxfer.agenciaimagen.es\/wp-content\/uploads\/2025\/09\/logo-sostenibilidad.svg","width":113,"height":98,"caption":"PRAXFER"},"image":{"@id":"https:\/\/praxfer.com\/en\/#\/schema\/logo\/image\/"}}]}},"_links":{"self":[{"href":"https:\/\/praxfer.com\/en\/wp-json\/wp\/v2\/pages\/37","targetHints":{"allow":["GET"]}}],"collection":[{"href":"https:\/\/praxfer.com\/en\/wp-json\/wp\/v2\/pages"}],"about":[{"href":"https:\/\/praxfer.com\/en\/wp-json\/wp\/v2\/types\/page"}],"author":[{"embeddable":true,"href":"https:\/\/praxfer.com\/en\/wp-json\/wp\/v2\/users\/1"}],"replies":[{"embeddable":true,"href":"https:\/\/praxfer.com\/en\/wp-json\/wp\/v2\/comments?post=37"}],"version-history":[{"count":3,"href":"https:\/\/praxfer.com\/en\/wp-json\/wp\/v2\/pages\/37\/revisions"}],"predecessor-version":[{"id":723,"href":"https:\/\/praxfer.com\/en\/wp-json\/wp\/v2\/pages\/37\/revisions\/723"}],"wp:attachment":[{"href":"https:\/\/praxfer.com\/en\/wp-json\/wp\/v2\/media?parent=37"}],"curies":[{"name":"wp","href":"https:\/\/api.w.org\/{rel}","templated":true}]}}